{"id":8257,"date":"2025-01-17T10:01:47","date_gmt":"2025-01-17T09:01:47","guid":{"rendered":"http:\/\/petjadesexcursions.org\/?page_id=8257"},"modified":"2025-01-17T10:01:47","modified_gmt":"2025-01-17T09:01:47","slug":"declaracion-de-accesibilidad","status":"publish","type":"page","link":"https:\/\/petjadesexcursions.org\/es\/declaracion-de-accesibilidad\/","title":{"rendered":"Declaraci\u00f3n de Accesibilidad"},"content":{"rendered":"<p class=\"western\">La empresa <strong>Petjades Excursions i Viatges<\/strong> se ha comprometido a hacer accesible su sitio web de conformidad con el Real Decreto 1112\/2018, de 7 de septiembre, sobre accesibilidad de los sitios web y aplicaciones para dispositivos m\u00f3viles del sector p\u00fablico, o desarrollos financiados desde Europa.<\/p>\n<p class=\"western\">La presente declaraci\u00f3n de accesibilidad se aplica al sitio web <a href=\"http:\/\/petjadesexcursions.org\/\">http:\/\/petjadesexcursions.org\/<\/a> excluyendo los contenidos incrustados provenientes de otros dominios.<\/p>\n<p class=\"western\"><b>Situaci\u00f3n de cumplimiento<\/b><\/p>\n<p class=\"western\">Este sitio web es Parcialmente conforme con el RD 1112\/2018 debido a la falta de conformidad de los aspectos que se indican a continuaci\u00f3n.<\/p>\n<p class=\"western\"><b>Contenido no accesible<\/b><\/p>\n<p class=\"western\">El contenido que se recoge a continuaci\u00f3n no es accesible por los siguientes motivos:<\/p>\n<ul>\n<li>\n<p class=\"western\">Falta de conformidad:<\/p>\n<ul>\n<li>\n<p class=\"western\">Puede existir contenido no textual con alternativa textual inadecuada en algunas p\u00e1ginas &#8211; Requisito n\u00famero 9.1.1.1 Contenido no textual de UNE-EN 301549:2022<\/p>\n<\/li>\n<li>\n<p class=\"western\">Puede haber elementos cuyo contraste no sea el suficiente en algunas p\u00e1ginas \u2013 Requisito 9.1.4.3 Contraste UNE-EN 301549:202<\/p>\n<\/li>\n<li>\n<p class=\"western\">Pueden existir algunos errores de parseo en el c\u00f3digo &#8211; Requisito n\u00famero 9.4.1.1 Procesamiento de UNE-EN 301549:2022<\/p>\n<\/li>\n<li>\n<p class=\"western\">La web no ofrece un sistema de navegaci\u00f3n alternativo al men\u00fa \u2013 Requisito n\u00famero 9.2.4.5 M\u00faltiples V\u00edas de UNE-EN 301549:2022<\/p>\n<\/li>\n<li>\n<p class=\"western\">Podr\u00edan existir fallos puntuales de edici\u00f3n en alguna p\u00e1gina web.<\/p>\n<\/li>\n<\/ul>\n<\/li>\n<li>\n<p class=\"western\">Carga desproporcionada: No resulta aplicable.<\/p>\n<\/li>\n<li>\n<p class=\"western\">El contenido no entra dentro del \u00e1mbito de la legislaci\u00f3n aplicable.<\/p>\n<\/li>\n<\/ul>\n<p class=\"western\">Podr\u00edan existir archivos ofim\u00e1ticos en PDF u otros formatos publicados antes del 20 de septiembre de 2018 que no cumplan en su totalidad todos los requisitos de accesibilidad.<br \/>\nPuede haber contenidos de terceros que no est\u00e9n desarrollados en esta Unidad, ni bajo su control, como archivos ofim\u00e1ticos de diferentes organismos que deban publicarse en este sitio.<\/p>\n","protected":false},"excerpt":{"rendered":"<p>La empresa Petjades Excursions i Viatges se ha comprometido a hacer accesible su sitio web de conformidad con el Real Decreto 1112\/2018, de 7 de septiembre, sobre accesibilidad de los sitios web y aplicaciones para dispositivos m\u00f3viles del sector p\u00fablico, o desarrollos financiados desde Europa. La presente declaraci\u00f3n de accesibilidad se aplica al sitio web [&hellip;]<\/p>\n","protected":false},"author":1,"featured_media":0,"parent":0,"menu_order":0,"comment_status":"closed","ping_status":"closed","template":"","meta":{"footnotes":""},"class_list":["post-8257","page","type-page","status-publish","hentry"],"_links":{"self":[{"href":"https:\/\/petjadesexcursions.org\/es\/wp-json\/wp\/v2\/pages\/8257","targetHints":{"allow":["GET"]}}],"collection":[{"href":"https:\/\/petjadesexcursions.org\/es\/wp-json\/wp\/v2\/pages"}],"about":[{"href":"https:\/\/petjadesexcursions.org\/es\/wp-json\/wp\/v2\/types\/page"}],"author":[{"embeddable":true,"href":"https:\/\/petjadesexcursions.org\/es\/wp-json\/wp\/v2\/users\/1"}],"replies":[{"embeddable":true,"href":"https:\/\/petjadesexcursions.org\/es\/wp-json\/wp\/v2\/comments?post=8257"}],"version-history":[{"count":1,"href":"https:\/\/petjadesexcursions.org\/es\/wp-json\/wp\/v2\/pages\/8257\/revisions"}],"predecessor-version":[{"id":8258,"href":"https:\/\/petjadesexcursions.org\/es\/wp-json\/wp\/v2\/pages\/8257\/revisions\/8258"}],"wp:attachment":[{"href":"https:\/\/petjadesexcursions.org\/es\/wp-json\/wp\/v2\/media?parent=8257"}],"curies":[{"name":"wp","href":"https:\/\/api.w.org\/{rel}","templated":true}]}}