{"id":7463,"date":"2025-01-02T12:56:12","date_gmt":"2025-01-02T11:56:12","guid":{"rendered":"http:\/\/petjadesexcursions.org\/?page_id=7463"},"modified":"2025-01-02T15:06:46","modified_gmt":"2025-01-02T14:06:46","slug":"galeria","status":"publish","type":"page","link":"https:\/\/petjadesexcursions.org\/es\/galeria\/","title":{"rendered":"Galer\u00eda"},"content":{"rendered":"\t\t<div data-elementor-type=\"wp-page\" data-elementor-id=\"7463\" class=\"elementor elementor-7463\">\n\t\t\t\t\t\t<section class=\"elementor-section elementor-top-section elementor-element elementor-element-18514b6c elementor-section-full_width qodef-elementor-content-grid elementor-section-height-default elementor-section-height-default\" data-id=\"18514b6c\" data-element_type=\"section\" data-e-type=\"section\">\n\t\t\t\t\t\t<div class=\"elementor-container elementor-column-gap-default\">\n\t\t\t\t\t<div class=\"elementor-column elementor-col-100 elementor-top-column elementor-element elementor-element-3b584c15\" data-id=\"3b584c15\" data-element_type=\"column\" data-e-type=\"column\">\n\t\t\t<div class=\"elementor-widget-wrap elementor-element-populated\">\n\t\t\t\t\t\t<div class=\"elementor-element elementor-element-64ed04a6 elementor-widget__width-initial elementor-widget-tablet__width-initial elementor-widget elementor-widget-wilder_core_section_title\" data-id=\"64ed04a6\" data-element_type=\"widget\" data-e-type=\"widget\" data-widget_type=\"wilder_core_section_title.default\">\n\t\t\t\t<div class=\"elementor-widget-container\">\n\t\t\t\t\t<div class=\"qodef-shortcode qodef-m  qodef-section-title qodef-alignment--center \">\n\t\t<h3 class=\"qodef-m-title\" style=\"color: #009640\">\n\t\t\t\t\tIm\u00e1genes de excursiones y viajes\t\t\t<\/h3>\n\t\t<p class=\"qodef-m-text\" style=\"margin-top: 5px;font-size: 18px;line-height: 25px;color: #4E5651\">Cada escapada es una nueva oportunidad para explorar, desconectar y crear recuerdos.\n\n<\/p>\n<\/div>\n\t\t\t\t<\/div>\n\t\t\t\t<\/div>\n\t\t<div class=\"elementor-element elementor-element-12b4b7fb e-flex e-con-boxed e-con e-parent\" data-id=\"12b4b7fb\" data-element_type=\"container\" data-e-type=\"container\">\n\t\t\t\t\t<div class=\"e-con-inner\">\n\t\t<div class=\"elementor-element elementor-element-21cfde9b e-grid e-con-full e-con e-child\" data-id=\"21cfde9b\" data-element_type=\"container\" data-e-type=\"container\">\n\t\t\t\t<div class=\"elementor-element elementor-element-4005499a viajes elementor-invisible elementor-widget elementor-widget-qi_addons_for_elementor_interactive_banner\" data-id=\"4005499a\" data-element_type=\"widget\" data-e-type=\"widget\" data-settings=\"{&quot;_animation&quot;:&quot;fadeIn&quot;}\" data-widget_type=\"qi_addons_for_elementor_interactive_banner.default\">\n\t\t\t\t<div class=\"elementor-widget-container\">\n\t\t\t\t\t<div class=\"qodef-shortcode qodef-m qodef-qi-interactive-banner qodef-layout--standard\">\n\t<div class=\"qodef-m-image\">\n\t<img fetchpriority=\"high\" decoding=\"async\" width=\"650\" height=\"650\" src=\"https:\/\/petjadesexcursions.org\/wp-content\/uploads\/2024\/12\/imagen-arbol-destacada-650x650.webp\" class=\"attachment-qi_addons_for_elementor_image_size_square size-qi_addons_for_elementor_image_size_square\" alt=\"\" srcset=\"https:\/\/petjadesexcursions.org\/wp-content\/uploads\/2024\/12\/imagen-arbol-destacada-650x650.webp 650w, https:\/\/petjadesexcursions.org\/wp-content\/uploads\/2024\/12\/imagen-arbol-destacada-300x300.webp 300w, https:\/\/petjadesexcursions.org\/wp-content\/uploads\/2024\/12\/imagen-arbol-destacada-100x100.webp 100w, https:\/\/petjadesexcursions.org\/wp-content\/uploads\/2024\/12\/imagen-arbol-destacada-150x150.webp 150w\" sizes=\"(max-width: 650px) 100vw, 650px\" title=\"\"><\/div>\n\t<div class=\"qodef-m-content\">\n\t\t<div class=\"qodef-m-content-inner\">\n\t\t\t\t<h5 class=\"qodef-m-subtitle\">\n\t\tTenencia de Benifasar\t<\/h5>\n\t\t\t\t\t\t\t<div class=\"qodef-m-button\">\n\t\t<a class=\"qodef-shortcode qodef-m qodef-qi-button qodef-html--link qodef-layout--textual qodef-type--standard qodef-icon--left qodef-hover--icon-move-horizontal-short qodef-button-underline-draw\" href=\"https:\/\/photos.app.goo.gl\/QHRZKz8PqE7vfscj9\" target=\"_self\" rel=\"nofollow noopener\">\t<span class=\"qodef-m-text\">Ver Galer\u00eda<\/span>\t<\/a>\t<\/div>\n\t\t<\/div>\n\t<\/div>\n\t<a itemprop=\"url\" href=\"https:\/\/photos.app.goo.gl\/QHRZKz8PqE7vfscj9\" class=\"qodef-m-banner-link\" target=\"_self\" rel=\"nofollow noopener\"><\/a>\n<\/div>\n\t\t\t\t<\/div>\n\t\t\t\t<\/div>\n\t\t\t\t<div class=\"elementor-element elementor-element-6e7fa1d viajes elementor-invisible elementor-widget elementor-widget-qi_addons_for_elementor_interactive_banner\" data-id=\"6e7fa1d\" data-element_type=\"widget\" data-e-type=\"widget\" data-settings=\"{&quot;_animation&quot;:&quot;fadeIn&quot;}\" data-widget_type=\"qi_addons_for_elementor_interactive_banner.default\">\n\t\t\t\t<div class=\"elementor-widget-container\">\n\t\t\t\t\t<div class=\"qodef-shortcode qodef-m qodef-qi-interactive-banner qodef-layout--standard\">\n\t<div class=\"qodef-m-image\">\n\t<img decoding=\"async\" width=\"650\" height=\"650\" src=\"https:\/\/petjadesexcursions.org\/wp-content\/uploads\/2025\/01\/Rias-Baixas-Galicia-650x650.webp\" class=\"attachment-qi_addons_for_elementor_image_size_square size-qi_addons_for_elementor_image_size_square\" alt=\"\" srcset=\"https:\/\/petjadesexcursions.org\/wp-content\/uploads\/2025\/01\/Rias-Baixas-Galicia-650x650.webp 650w, https:\/\/petjadesexcursions.org\/wp-content\/uploads\/2025\/01\/Rias-Baixas-Galicia-300x300.webp 300w, https:\/\/petjadesexcursions.org\/wp-content\/uploads\/2025\/01\/Rias-Baixas-Galicia-100x100.webp 100w, https:\/\/petjadesexcursions.org\/wp-content\/uploads\/2025\/01\/Rias-Baixas-Galicia-150x150.webp 150w\" sizes=\"(max-width: 650px) 100vw, 650px\" title=\"\"><\/div>\n\t<div class=\"qodef-m-content\">\n\t\t<div class=\"qodef-m-content-inner\">\n\t\t\t\t<h5 class=\"qodef-m-subtitle\">\n\t\tR\u00edas Baixas (Galicia)\t<\/h5>\n\t\t\t\t\t\t\t<div class=\"qodef-m-button\">\n\t\t<a class=\"qodef-shortcode qodef-m qodef-qi-button qodef-html--link qodef-layout--textual qodef-type--standard qodef-icon--left qodef-hover--icon-move-horizontal-short qodef-button-underline-draw\" href=\"https:\/\/photos.app.goo.gl\/kQ1hMkDeDhem1tfj9\" target=\"_self\" rel=\"nofollow noopener\">\t<span class=\"qodef-m-text\">Ver Galer\u00eda<\/span>\t<\/a>\t<\/div>\n\t\t<\/div>\n\t<\/div>\n\t<a itemprop=\"url\" href=\"https:\/\/photos.app.goo.gl\/kQ1hMkDeDhem1tfj9\" class=\"qodef-m-banner-link\" target=\"_self\" rel=\"nofollow noopener\"><\/a>\n<\/div>\n\t\t\t\t<\/div>\n\t\t\t\t<\/div>\n\t\t\t\t<div class=\"elementor-element elementor-element-3ca8bb7b viajes elementor-invisible elementor-widget elementor-widget-qi_addons_for_elementor_interactive_banner\" data-id=\"3ca8bb7b\" data-element_type=\"widget\" data-e-type=\"widget\" data-settings=\"{&quot;_animation&quot;:&quot;fadeIn&quot;}\" data-widget_type=\"qi_addons_for_elementor_interactive_banner.default\">\n\t\t\t\t<div class=\"elementor-widget-container\">\n\t\t\t\t\t<div class=\"qodef-shortcode qodef-m qodef-qi-interactive-banner qodef-layout--standard\">\n\t<div class=\"qodef-m-image\">\n\t<img decoding=\"async\" width=\"650\" height=\"650\" src=\"https:\/\/petjadesexcursions.org\/wp-content\/uploads\/2025\/01\/Costa-de-Asturias-650x650.webp\" class=\"attachment-qi_addons_for_elementor_image_size_square size-qi_addons_for_elementor_image_size_square\" alt=\"\" srcset=\"https:\/\/petjadesexcursions.org\/wp-content\/uploads\/2025\/01\/Costa-de-Asturias-650x650.webp 650w, https:\/\/petjadesexcursions.org\/wp-content\/uploads\/2025\/01\/Costa-de-Asturias-300x300.webp 300w, https:\/\/petjadesexcursions.org\/wp-content\/uploads\/2025\/01\/Costa-de-Asturias-100x100.webp 100w, https:\/\/petjadesexcursions.org\/wp-content\/uploads\/2025\/01\/Costa-de-Asturias-150x150.webp 150w\" sizes=\"(max-width: 650px) 100vw, 650px\" title=\"\"><\/div>\n\t<div class=\"qodef-m-content\">\n\t\t<div class=\"qodef-m-content-inner\">\n\t\t\t\t<h5 class=\"qodef-m-subtitle\">\n\t\tCosta de Asturias\t<\/h5>\n\t\t\t\t\t\t\t<div class=\"qodef-m-button\">\n\t\t<a class=\"qodef-shortcode qodef-m qodef-qi-button qodef-html--link qodef-layout--textual qodef-type--standard qodef-icon--left qodef-hover--icon-move-horizontal-short qodef-button-underline-draw\" href=\"https:\/\/photos.app.goo.gl\/cT5Mv4RZEsZc31Ju6\" target=\"_self\" rel=\"nofollow noopener\">\t<span class=\"qodef-m-text\">Ver Galer\u00eda<\/span>\t<\/a>\t<\/div>\n\t\t<\/div>\n\t<\/div>\n\t<a itemprop=\"url\" href=\"https:\/\/photos.app.goo.gl\/cT5Mv4RZEsZc31Ju6\" class=\"qodef-m-banner-link\" target=\"_self\" rel=\"nofollow noopener\"><\/a>\n<\/div>\n\t\t\t\t<\/div>\n\t\t\t\t<\/div>\n\t\t\t\t<\/div>\n\t\t\t\t\t<\/div>\n\t\t\t\t<\/div>\n\t\t\t\t\t<\/div>\n\t\t<\/div>\n\t\t\t\t\t<\/div>\n\t\t<\/section>\n\t\t\t\t<\/div>\n\t\t","protected":false},"excerpt":{"rendered":"<p>Im\u00e1genes de excursiones y viajes Cada escapada es una nueva oportunidad para explorar, desconectar y crear recuerdos. Tenencia de Benifasar Ver Galer\u00eda R\u00edas Baixas (Galicia) Ver Galer\u00eda Costa de Asturias Ver Galer\u00eda<\/p>\n","protected":false},"author":1,"featured_media":0,"parent":0,"menu_order":0,"comment_status":"closed","ping_status":"closed","template":"","meta":{"footnotes":""},"class_list":["post-7463","page","type-page","status-publish","hentry"],"_links":{"self":[{"href":"https:\/\/petjadesexcursions.org\/es\/wp-json\/wp\/v2\/pages\/7463","targetHints":{"allow":["GET"]}}],"collection":[{"href":"https:\/\/petjadesexcursions.org\/es\/wp-json\/wp\/v2\/pages"}],"about":[{"href":"https:\/\/petjadesexcursions.org\/es\/wp-json\/wp\/v2\/types\/page"}],"author":[{"embeddable":true,"href":"https:\/\/petjadesexcursions.org\/es\/wp-json\/wp\/v2\/users\/1"}],"replies":[{"embeddable":true,"href":"https:\/\/petjadesexcursions.org\/es\/wp-json\/wp\/v2\/comments?post=7463"}],"version-history":[{"count":4,"href":"https:\/\/petjadesexcursions.org\/es\/wp-json\/wp\/v2\/pages\/7463\/revisions"}],"predecessor-version":[{"id":7471,"href":"https:\/\/petjadesexcursions.org\/es\/wp-json\/wp\/v2\/pages\/7463\/revisions\/7471"}],"wp:attachment":[{"href":"https:\/\/petjadesexcursions.org\/es\/wp-json\/wp\/v2\/media?parent=7463"}],"curies":[{"name":"wp","href":"https:\/\/api.w.org\/{rel}","templated":true}]}}