{"id":1468,"date":"2022-10-04T15:42:43","date_gmt":"2022-10-04T15:42:43","guid":{"rendered":"https:\/\/wilder.qodeinteractive.com\/?page_id=1468"},"modified":"2025-01-13T12:55:44","modified_gmt":"2025-01-13T11:55:44","slug":"contacto","status":"publish","type":"page","link":"https:\/\/petjadesexcursions.org\/es\/contacto\/","title":{"rendered":"Contacto"},"content":{"rendered":"\t\t<div data-elementor-type=\"wp-page\" data-elementor-id=\"1468\" class=\"elementor elementor-1468\">\n\t\t\t\t\t\t<section class=\"elementor-section elementor-top-section elementor-element elementor-element-7422d86 elementor-section-full_width elementor-section-height-min-height elementor-section-content-middle elementor-section-height-default elementor-section-items-middle qodef-elementor-content-no\" data-id=\"7422d86\" data-element_type=\"section\" data-e-type=\"section\" data-settings=\"{&quot;background_background&quot;:&quot;classic&quot;}\">\n\t\t\t\t\t\t<div class=\"elementor-container elementor-column-gap-default\">\n\t\t\t\t\t<div class=\"elementor-column elementor-col-50 elementor-top-column elementor-element elementor-element-f17203a\" data-id=\"f17203a\" data-element_type=\"column\" data-e-type=\"column\">\n\t\t\t<div class=\"elementor-widget-wrap elementor-element-populated\">\n\t\t\t\t\t\t<div class=\"elementor-element elementor-element-21c01c9 elementor-widget elementor-widget-qi_addons_for_elementor_contact_form_7\" data-id=\"21c01c9\" data-element_type=\"widget\" data-e-type=\"widget\" data-widget_type=\"qi_addons_for_elementor_contact_form_7.default\">\n\t\t\t\t<div class=\"elementor-widget-container\">\n\t\t\t\t\t<div class=\"qodef-shortcode qodef-m qodef-qi-contact-form-7\">\n\t\n<div class=\"wpcf7 no-js\" id=\"wpcf7-f8-o1\" lang=\"es-ES\" dir=\"ltr\" data-wpcf7-id=\"8\">\n<div class=\"screen-reader-response\"><p role=\"status\" aria-live=\"polite\" aria-atomic=\"true\"><\/p> <ul><\/ul><\/div>\n<form action=\"\/es\/wp-json\/wp\/v2\/pages\/1468#wpcf7-f8-o1\" method=\"post\" class=\"wpcf7-form init\" aria-label=\"Formulario de contacto\" novalidate=\"novalidate\" data-status=\"init\">\n<fieldset class=\"hidden-fields-container\"><input type=\"hidden\" name=\"_wpcf7\" value=\"8\" \/><input type=\"hidden\" name=\"_wpcf7_version\" value=\"6.1.5\" \/><input type=\"hidden\" name=\"_wpcf7_locale\" value=\"es_ES\" \/><input type=\"hidden\" name=\"_wpcf7_unit_tag\" value=\"wpcf7-f8-o1\" \/><input type=\"hidden\" name=\"_wpcf7_container_post\" value=\"0\" \/><input type=\"hidden\" name=\"_wpcf7_posted_data_hash\" value=\"\" \/>\n<\/fieldset>\n<div class=\"qodef-grid qodef-layout--columns  qodef-gutter--small qodef-col-num--2 qodef-items-no-margin qodef-subscribe-form qodef-contact-form-light\">\n    <div class=\"qodef-grid-inner clear\">\n\t<div class=\"qodef-grid-item blanco\"><span class=\"wpcf7-form-control-wrap\" data-name=\"your-name\"><input size=\"40\" maxlength=\"400\" class=\"wpcf7-form-control wpcf7-text wpcf7-validates-as-required\" aria-required=\"true\" aria-invalid=\"false\" placeholder=\"Nombre\" value=\"\" type=\"text\" name=\"your-name\" \/><\/span><\/div>\n        <div class=\"qodef-grid-item blanco\"><span class=\"wpcf7-form-control-wrap\" data-name=\"your-email\"><input size=\"40\" maxlength=\"400\" class=\"wpcf7-form-control wpcf7-email wpcf7-validates-as-required wpcf7-text wpcf7-validates-as-email\" aria-required=\"true\" aria-invalid=\"false\" placeholder=\"Correo electr\u00f3nico\" value=\"\" type=\"email\" name=\"your-email\" \/><\/span><\/div>\n    <\/div>\n\n<div class=\"mensaje\" style=\"padding-top:15px;\">\n<span class=\"wpcf7-form-control-wrap\" data-name=\"mensaje\"><textarea cols=\"40\" rows=\"10\" maxlength=\"2000\" class=\"wpcf7-form-control wpcf7-textarea wpcf7-validates-as-required\" aria-required=\"true\" aria-invalid=\"false\" placeholder=\"Mensaje\" name=\"mensaje\"><\/textarea><\/span>\n<\/div>\n\n<div class=\"qodef-contact-form-light\" style=\"color:white; padding-top:15px;\"><span class=\"wpcf7-form-control-wrap\" data-name=\"privacidad\"><span class=\"wpcf7-form-control wpcf7-acceptance\"><span class=\"wpcf7-list-item\"><label><input type=\"checkbox\" name=\"privacidad\" value=\"1\" aria-invalid=\"false\" \/><span class=\"wpcf7-list-item-label\">He le\u00eddo y acepto la <a href=\"http:\/\/petjadesexcursions.org\/politica-de-privacidad\/\" style=\"color:white;\">Pol\u00edtica de Privacidad<\/a><\/span><\/label><\/span><\/span><\/span><\/div>\n<button class=\"wpcf7-form-control wpcf7-submit btn-formulario qodef-button qodef-size--normal qodef-layout--filled qodef-m\" type=\"submit\"><span class=\"qodef-m-text\">Enviar<\/span><\/button>\n<\/div><div class=\"wpcf7-response-output\" aria-hidden=\"true\"><\/div>\n<\/form>\n<\/div>\n<\/div>\n\t\t\t\t<\/div>\n\t\t\t\t<\/div>\n\t\t\t\t\t<\/div>\n\t\t<\/div>\n\t\t\t\t<div class=\"elementor-column elementor-col-50 elementor-top-column elementor-element elementor-element-7ff9228\" data-id=\"7ff9228\" data-element_type=\"column\" data-e-type=\"column\" data-settings=\"{&quot;background_background&quot;:&quot;classic&quot;}\">\n\t\t\t<div class=\"elementor-widget-wrap elementor-element-populated\">\n\t\t\t\t\t\t<div class=\"elementor-element elementor-element-d568ebd elementor-widget__width-initial elementor-widget elementor-widget-wilder_core_section_title\" data-id=\"d568ebd\" data-element_type=\"widget\" data-e-type=\"widget\" data-widget_type=\"wilder_core_section_title.default\">\n\t\t\t\t<div class=\"elementor-widget-container\">\n\t\t\t\t\t<div class=\"qodef-shortcode qodef-m  qodef-section-title qodef-alignment--left \">\n\t\t<h3 class=\"qodef-m-title\" style=\"color: #FCFAEE\">\n\t\t\t\t\tCont\u00e1ctanos\t\t\t<\/h3>\n\t\t<p class=\"qodef-m-text\" style=\"font-size: 18px;color: #FCFAEE\">\u00bfTienes dudas o necesitas m\u00e1s informaci\u00f3n? Escr\u00edbenos y te ayudaremos a planificar tu pr\u00f3xima aventura con Petjades Excursions. \u00a1Estamos aqu\u00ed para ti!<\/p>\n<\/div>\n\t\t\t\t<\/div>\n\t\t\t\t<\/div>\n\t\t\t\t<section class=\"elementor-section elementor-inner-section elementor-element elementor-element-50ba2d3 elementor-section-full_width elementor-section-height-default elementor-section-height-default qodef-elementor-content-no\" data-id=\"50ba2d3\" data-element_type=\"section\" data-e-type=\"section\">\n\t\t\t\t\t\t<div class=\"elementor-container elementor-column-gap-default\">\n\t\t\t\t\t<div class=\"elementor-column elementor-col-100 elementor-inner-column elementor-element elementor-element-314c18a\" data-id=\"314c18a\" data-element_type=\"column\" data-e-type=\"column\">\n\t\t\t<div class=\"elementor-widget-wrap elementor-element-populated\">\n\t\t\t\t\t\t<div class=\"elementor-element elementor-element-b0dfc32 elementor-widget elementor-widget-wilder_core_icon_list_item\" data-id=\"b0dfc32\" data-element_type=\"widget\" data-e-type=\"widget\" data-widget_type=\"wilder_core_icon_list_item.default\">\n\t\t\t\t<div class=\"elementor-widget-container\">\n\t\t\t\t\t<div class=\"qodef-icon-list-item qodef-icon--icon-pack qodef-title--colored\" >\n\t<h6 class=\"qodef-e-title\" style=\"color: #FCFAEE\">\n\t\t\t\t\t<a itemprop=\"url\" href=\"mailto:petjadesexcursions@gmail.com\" target=\"_blank\">\n\t\t\t\t\t<span class=\"qodef-e-title-inner\">\n\t\t\t\t<span class=\"qodef-shortcode qodef-m  qodef-icon-holder  qodef-layout--normal \"  >\t\t\t<span class=\"qodef-icon-font-awesome fa fa-envelopes-bulk qodef-icon qodef-e\" style=\"font-size: 25px\" ><\/span>\t\t\t<\/span>\t\t\t\t<span class=\"qodef-e-title-text\" style=\"margin-left: 0px\">petjadesexcursions@gmail.com<\/span>\n\t\t\t<\/span>\n\t\t\t\t\t<\/a>\n\t\t\t<\/h6>\n<\/div>\n\t\t\t\t<\/div>\n\t\t\t\t<\/div>\n\t\t\t\t<div class=\"elementor-element elementor-element-78896db elementor-widget elementor-widget-wilder_core_icon_list_item\" data-id=\"78896db\" data-element_type=\"widget\" data-e-type=\"widget\" data-widget_type=\"wilder_core_icon_list_item.default\">\n\t\t\t\t<div class=\"elementor-widget-container\">\n\t\t\t\t\t<div class=\"qodef-icon-list-item qodef-icon--icon-pack qodef-title--colored\" >\n\t<h6 class=\"qodef-e-title\" style=\"color: #FCFAEE\">\n\t\t\t\t\t<a itemprop=\"url\" href=\"tel:+34627439254\" target=\"_blank\">\n\t\t\t\t\t<span class=\"qodef-e-title-inner\">\n\t\t\t\t<span class=\"qodef-shortcode qodef-m  qodef-icon-holder  qodef-layout--normal \"  >\t\t\t<span class=\"qodef-icon-font-awesome fa fa-phone qodef-icon qodef-e\" style=\"font-size: 20px\" ><\/span>\t\t\t<\/span>\t\t\t\t<span class=\"qodef-e-title-text\" style=\"margin-left: 10px\">627 43 92 54<\/span>\n\t\t\t<\/span>\n\t\t\t\t\t<\/a>\n\t\t\t<\/h6>\n<\/div>\n\t\t\t\t<\/div>\n\t\t\t\t<\/div>\n\t\t\t\t<div class=\"elementor-element elementor-element-61febb5 elementor-widget elementor-widget-wilder_core_icon_list_item\" data-id=\"61febb5\" data-element_type=\"widget\" data-e-type=\"widget\" data-widget_type=\"wilder_core_icon_list_item.default\">\n\t\t\t\t<div class=\"elementor-widget-container\">\n\t\t\t\t\t<div class=\"qodef-icon-list-item qodef-icon--icon-pack qodef-title--colored\" >\n\t<h6 class=\"qodef-e-title\" style=\"color: #FCFAEE\">\n\t\t\t\t\t<a itemprop=\"url\" href=\"https:\/\/wa.me\/34627439254\" target=\"_blank\" rel=\"nofollow noopener\">\n\t\t\t\t\t<span class=\"qodef-e-title-inner\">\n\t\t\t\t<span class=\"qodef-shortcode qodef-m  qodef-icon-holder  qodef-layout--normal \"  >\t\t\t<span class=\"qodef-icon-font-awesome fab fa-whatsapp qodef-icon qodef-e\" style=\"font-size: 22px\" ><\/span>\t\t\t<\/span>\t\t\t\t<span class=\"qodef-e-title-text\" style=\"margin-left: 10px\">627 43 92 54<\/span>\n\t\t\t<\/span>\n\t\t\t\t\t<\/a>\n\t\t\t<\/h6>\n<\/div>\n\t\t\t\t<\/div>\n\t\t\t\t<\/div>\n\t\t\t\t\t<\/div>\n\t\t<\/div>\n\t\t\t\t\t<\/div>\n\t\t<\/section>\n\t\t\t\t\t<\/div>\n\t\t<\/div>\n\t\t\t\t\t<\/div>\n\t\t<\/section>\n\t\t\t\t<\/div>\n\t\t","protected":false},"excerpt":{"rendered":"<p>He le\u00eddo y acepto la Pol\u00edtica de Privacidad Enviar Cont\u00e1ctanos \u00bfTienes dudas o necesitas m\u00e1s informaci\u00f3n? Escr\u00edbenos y te ayudaremos a planificar tu pr\u00f3xima aventura con Petjades Excursions. \u00a1Estamos aqu\u00ed para ti! petjadesexcursions@gmail.com 627 43 92 54 627 43 92 54<\/p>\n","protected":false},"author":1,"featured_media":0,"parent":0,"menu_order":0,"comment_status":"closed","ping_status":"closed","template":"page-full-width.php","meta":{"footnotes":""},"class_list":["post-1468","page","type-page","status-publish","hentry"],"_links":{"self":[{"href":"https:\/\/petjadesexcursions.org\/es\/wp-json\/wp\/v2\/pages\/1468","targetHints":{"allow":["GET"]}}],"collection":[{"href":"https:\/\/petjadesexcursions.org\/es\/wp-json\/wp\/v2\/pages"}],"about":[{"href":"https:\/\/petjadesexcursions.org\/es\/wp-json\/wp\/v2\/types\/page"}],"author":[{"embeddable":true,"href":"https:\/\/petjadesexcursions.org\/es\/wp-json\/wp\/v2\/users\/1"}],"replies":[{"embeddable":true,"href":"https:\/\/petjadesexcursions.org\/es\/wp-json\/wp\/v2\/comments?post=1468"}],"version-history":[{"count":13,"href":"https:\/\/petjadesexcursions.org\/es\/wp-json\/wp\/v2\/pages\/1468\/revisions"}],"predecessor-version":[{"id":7589,"href":"https:\/\/petjadesexcursions.org\/es\/wp-json\/wp\/v2\/pages\/1468\/revisions\/7589"}],"wp:attachment":[{"href":"https:\/\/petjadesexcursions.org\/es\/wp-json\/wp\/v2\/media?parent=1468"}],"curies":[{"name":"wp","href":"https:\/\/api.w.org\/{rel}","templated":true}]}}