{"id":1283,"date":"2022-10-03T13:56:25","date_gmt":"2022-10-03T13:56:25","guid":{"rendered":"https:\/\/wilder.qodeinteractive.com\/?page_id=1283"},"modified":"2026-01-09T09:29:54","modified_gmt":"2026-01-09T08:29:54","slug":"quienes-somos","status":"publish","type":"page","link":"https:\/\/petjadesexcursions.org\/es\/quienes-somos\/","title":{"rendered":"Quienes Somos"},"content":{"rendered":"\t\t<div data-elementor-type=\"wp-page\" data-elementor-id=\"1283\" class=\"elementor elementor-1283\">\n\t\t\t\t\t\t<section class=\"elementor-section elementor-top-section elementor-element elementor-element-5e373034 elementor-section-full_width qodef-elementor-content-grid elementor-section-height-default elementor-section-height-default\" data-id=\"5e373034\" data-element_type=\"section\" data-e-type=\"section\" data-settings=\"{&quot;background_background&quot;:&quot;classic&quot;}\">\n\t\t\t\t\t\t<div class=\"elementor-container elementor-column-gap-default\">\n\t\t\t\t\t<div class=\"elementor-column elementor-col-50 elementor-top-column elementor-element elementor-element-2b770989\" data-id=\"2b770989\" data-element_type=\"column\" data-e-type=\"column\" data-settings=\"{&quot;background_background&quot;:&quot;classic&quot;}\">\n\t\t\t<div class=\"elementor-widget-wrap elementor-element-populated\">\n\t\t\t\t\t\t<div class=\"elementor-element elementor-element-744f4ea1 elementor-widget__width-initial elementor-widget-tablet__width-initial elementor-widget elementor-widget-wilder_core_section_title\" data-id=\"744f4ea1\" data-element_type=\"widget\" data-e-type=\"widget\" data-widget_type=\"wilder_core_section_title.default\">\n\t\t\t\t<div class=\"elementor-widget-container\">\n\t\t\t\t\t<div class=\"qodef-shortcode qodef-m  qodef-section-title qodef-alignment--left \">\n\t\t<h2 class=\"qodef-m-title\" style=\"color: #009640\">\n\t\t\t\t\t\u00bfC\u00f3mo nace Petjades?\t\t\t<\/h2>\n\t\t<p class=\"qodef-m-text\" style=\"font-size: 18px;line-height: 25px;color: #4E5651\">Soy Antonio, un apasionado de la monta\u00f1a desde peque\u00f1o. Siempre me ha gustado descubrir nuevos lugares y paisajes, costumbres, gastronom\u00eda y culturas de otros lugares, lo que enriquece nuestra mente. \u00bfY qu\u00e9 mejor manera de conocer un lugar que hacerlo caminando paso a paso, mientras practicas deporte?\n\nEsta pasi\u00f3n siempre me ha gustado compartirla con las personas que me rodean, y por eso, en 2013 decid\u00ed formarme como gu\u00eda de media monta\u00f1a para poder acompa\u00f1ar a quienes no tienen los medios o el tiempo para organizar este tipo de actividades.\n\nSi quieres conocer rincones y lugares espectaculares, te invito a echar un vistazo a las propuestas de la p\u00e1gina web, donde encontrar\u00e1s tanto salidas de un d\u00eda, como de fines de semana, puentes y viajes.\nSoy Antonio, gu\u00eda titulado con once a\u00f1os de experiencia como gu\u00eda acompa\u00f1ante.<\/p>\n<\/div>\n\t\t\t\t<\/div>\n\t\t\t\t<\/div>\n\t\t\t\t<div class=\"elementor-element elementor-element-4b66baf7 elementor-widget elementor-widget-wilder_core_button\" data-id=\"4b66baf7\" data-element_type=\"widget\" data-e-type=\"widget\" data-widget_type=\"wilder_core_button.default\">\n\t\t\t\t<div class=\"elementor-widget-container\">\n\t\t\t\t\t<a class=\"qodef-shortcode qodef-m  qodef-button qodef-layout--outlined qodef-size--small qodef-html--link\" href=\"http:\/\/petjadesexcursions.org\/contacto\" target=\"_self\" data-hover-color=\"#FFFFFF\" data-hover-background-color=\"#E94E1B\" style=\"color: #E94E1B;--qodef-color: #E94E1B\">\n\t<span class=\"qodef-m-text\">cont\u00e1ctanos<\/span>\n\t<span class=\"qodef-m-bg\"><svg class=\"qodef-svg--custom-button-frame\" xmlns=\"http:\/\/www.w3.org\/2000\/svg\" xmlns:xlink=\"http:\/\/www.w3.org\/1999\/xlink\" x=\"0px\" y=\"0px\" viewBox=\"0 0 177.1 65.4\" preserveAspectRatio=\"none\" style=\"enable-background:new 0 0 177.1 65.4;\" xml:space=\"preserve\"><path class=\"qodef--solid\" vector-effect=\"non-scaling-stroke\" fill=\"none\" stroke-miterlimit=\"10\" d=\"M167.5,5.7H6.3v53.2h161.2L150,32.3L167.5,5.7z\"\/><g><path class=\"qodef--dashed\" vector-effect=\"non-scaling-stroke\" fill=\"none\" stroke-linecap=\"round\" stroke-linejoin=\"round\" stroke-dasharray=\"6.074,6.074,0,0,0,0\" d=\"M2.1,1.1h173.3c0.7,0,1.2,0.8,0.8,1.5l-18.3,29.7c-0.2,0.3-0.2,0.7,0,1L176.2,63c0.4,0.6-0.1,1.5-0.8,1.5H2.1 c-0.5,0-1-0.4-1-1V2.1C1.1,1.5,1.5,1.1,2.1,1.1C2.1,1.1,1.5,1.1,2.1,1.1z\"\/><\/g><\/svg><\/span>\n<\/a>\n\t\t\t\t<\/div>\n\t\t\t\t<\/div>\n\t\t\t\t\t<\/div>\n\t\t<\/div>\n\t\t\t\t<div class=\"elementor-column elementor-col-50 elementor-top-column elementor-element elementor-element-5271981e\" data-id=\"5271981e\" data-element_type=\"column\" data-e-type=\"column\">\n\t\t\t<div class=\"elementor-widget-wrap\">\n\t\t\t\t\t\t\t<\/div>\n\t\t<\/div>\n\t\t\t\t\t<\/div>\n\t\t<\/section>\n\t\t\t\t<section class=\"elementor-section elementor-top-section elementor-element elementor-element-2c1fd80e elementor-section-full_width qodef-elementor-content-grid elementor-section-stretched elementor-section-height-default elementor-section-height-default\" data-id=\"2c1fd80e\" data-element_type=\"section\" data-e-type=\"section\" data-settings=\"{&quot;background_background&quot;:&quot;classic&quot;,&quot;stretch_section&quot;:&quot;section-stretched&quot;}\">\n\t\t\t\t\t\t<div class=\"elementor-container elementor-column-gap-default\">\n\t\t\t\t\t<div class=\"elementor-column elementor-col-100 elementor-top-column elementor-element elementor-element-64ec6957\" data-id=\"64ec6957\" data-element_type=\"column\" data-e-type=\"column\">\n\t\t\t<div class=\"elementor-widget-wrap elementor-element-populated\">\n\t\t\t\t\t\t<div class=\"elementor-element elementor-element-8ad2b6f elementor-widget elementor-widget-wilder_core_icon_with_text\" data-id=\"8ad2b6f\" data-element_type=\"widget\" data-e-type=\"widget\" data-widget_type=\"wilder_core_icon_with_text.default\">\n\t\t\t\t<div class=\"elementor-widget-container\">\n\t\t\t\t\t<div class=\"qodef-shortcode qodef-m  qodef-icon-with-text qodef-layout--top qodef--icon-pack  qodef-alignment--center\">\n\t<div class=\"qodef-m-icon-wrapper\">\n\t\t<span class=\"qodef-shortcode qodef-m  qodef-icon-holder qodef-size--huge qodef-layout--normal \"  >\t\t\t<span class=\"qodef-icon-font-awesome fab fa-whatsapp qodef-icon qodef-e\" style=\"color: #FFFFFF\" ><\/span>\t\t\t<\/span>\t<\/div>\n\t<div class=\"qodef-m-content\">\n\t\t\t<h3 class=\"qodef-m-title\" style=\"margin-top: 5px;color: #FFFFFF\">\n\t\t\t\t\t<span class=\"qodef-m-title-text\">\u00danete a nuestro grupo de difusi\u00f3n de Whatsapp<\/span>\n\t\t\t<\/h3>\n\t\t\t<p class=\"qodef-m-text\" style=\"margin-top: 5px;font-size: 18px;line-height: 22px;color: #FFFFFF\">Para estar informado de todas nuestras novedades mensuales y no perderte ninguna<\/p>\n\t<\/div>\n<\/div>\n\t\t\t\t<\/div>\n\t\t\t\t<\/div>\n\t\t\t\t<div class=\"elementor-element elementor-element-5d407ade elementor-widget__width-initial elementor-widget elementor-widget-qi_addons_for_elementor_contact_form_7\" data-id=\"5d407ade\" data-element_type=\"widget\" data-e-type=\"widget\" data-widget_type=\"qi_addons_for_elementor_contact_form_7.default\">\n\t\t\t\t<div class=\"elementor-widget-container\">\n\t\t\t\t\t<div class=\"qodef-shortcode qodef-m qodef-qi-contact-form-7\">\n\t\n<div class=\"wpcf7 no-js\" id=\"wpcf7-f7331-o1\" lang=\"es-ES\" dir=\"ltr\" data-wpcf7-id=\"7331\">\n<div class=\"screen-reader-response\"><p role=\"status\" aria-live=\"polite\" aria-atomic=\"true\"><\/p> <ul><\/ul><\/div>\n<form action=\"\/es\/wp-json\/wp\/v2\/pages\/1283#wpcf7-f7331-o1\" method=\"post\" class=\"wpcf7-form init\" aria-label=\"Formulario de contacto\" novalidate=\"novalidate\" data-status=\"init\">\n<fieldset class=\"hidden-fields-container\"><input type=\"hidden\" name=\"_wpcf7\" value=\"7331\" \/><input type=\"hidden\" name=\"_wpcf7_version\" value=\"6.1.5\" \/><input type=\"hidden\" name=\"_wpcf7_locale\" value=\"es_ES\" \/><input type=\"hidden\" name=\"_wpcf7_unit_tag\" value=\"wpcf7-f7331-o1\" \/><input type=\"hidden\" name=\"_wpcf7_container_post\" value=\"0\" \/><input type=\"hidden\" name=\"_wpcf7_posted_data_hash\" value=\"\" \/>\n<\/fieldset>\n<div class=\"qodef-grid qodef-layout--columns  qodef-gutter--small qodef-col-num--2 qodef-items-no-margin qodef-subscribe-form qodef-contact-form-light\">\n    <div class=\"qodef-grid-inner clear\">\n\t<div class=\"qodef-grid-item\"><span class=\"wpcf7-form-control-wrap\" data-name=\"nombre\"><input size=\"40\" maxlength=\"50\" class=\"wpcf7-form-control wpcf7-text wpcf7-validates-as-required\" aria-required=\"true\" aria-invalid=\"false\" placeholder=\"Nombre y Apellidos\" value=\"\" type=\"text\" name=\"nombre\" \/><\/span><\/div>\n        <div class=\"qodef-grid-item\"><span class=\"wpcf7-form-control-wrap\" data-name=\"tel\"><input size=\"40\" maxlength=\"400\" class=\"wpcf7-form-control wpcf7-tel wpcf7-validates-as-required wpcf7-text wpcf7-validates-as-tel\" aria-required=\"true\" aria-invalid=\"false\" placeholder=\"Tel\u00e9fono\" value=\"\" type=\"tel\" name=\"tel\" \/><\/span><\/div>\n<button type=\"submit\" class=\"qodef--button-search-inside qodef--special\" title=\"Enviar formulario\"><svg class=\"qodef-svg--arrow\" xmlns=\"http:\/\/www.w3.org\/2000\/svg\" width=\"16.927\" height=\"16.864\" viewBox=\"0 0 16.927 16.864\"><path d=\"M8.507,0,6.881,1.626l5.656,5.657H0v2.3H12.535L6.881,15.238l1.626,1.626,8.42-8.42-.011-.012.011-.013Z\" transform=\"translate(0)\" fill=\"#000000\"\/><\/svg><\/button><\/div>\n<div class=\"qodef-grid-item\" style=\"padding-top:15px;color:white;text-align:center;\"><span class=\"wpcf7-form-control-wrap\" data-name=\"privacidad\"><span class=\"wpcf7-form-control wpcf7-acceptance\"><span class=\"wpcf7-list-item\"><label><input type=\"checkbox\" name=\"privacidad\" value=\"1\" aria-invalid=\"false\" \/><span class=\"wpcf7-list-item-label\">He le\u00eddo y acepto la <a href=\"http:\/\/petjadesexcursions.org\/politica-de-privacidad\/\" style=\"color:white;\">Pol\u00edtica de Privacidad<\/a><\/span><\/label><\/span><\/span><\/span><\/div>\n    <\/div><div class=\"wpcf7-response-output\" aria-hidden=\"true\"><\/div>\n<\/form>\n<\/div>\n<\/div>\n\t\t\t\t<\/div>\n\t\t\t\t<\/div>\n\t\t\t\t\t<\/div>\n\t\t<\/div>\n\t\t\t\t\t<\/div>\n\t\t<\/section>\n\t\t\t\t<\/div>\n\t\t","protected":false},"excerpt":{"rendered":"<p>\u00bfC\u00f3mo nace Petjades? Soy Antonio, un apasionado de la monta\u00f1a desde peque\u00f1o. Siempre me ha gustado descubrir nuevos lugares y paisajes, costumbres, gastronom\u00eda y culturas de otros lugares, lo que enriquece nuestra mente. \u00bfY qu\u00e9 mejor manera de conocer un lugar que hacerlo caminando paso a paso, mientras practicas deporte? Esta pasi\u00f3n siempre me ha [&hellip;]<\/p>\n","protected":false},"author":1,"featured_media":0,"parent":0,"menu_order":0,"comment_status":"closed","ping_status":"closed","template":"","meta":{"footnotes":""},"class_list":["post-1283","page","type-page","status-publish","hentry"],"_links":{"self":[{"href":"https:\/\/petjadesexcursions.org\/es\/wp-json\/wp\/v2\/pages\/1283","targetHints":{"allow":["GET"]}}],"collection":[{"href":"https:\/\/petjadesexcursions.org\/es\/wp-json\/wp\/v2\/pages"}],"about":[{"href":"https:\/\/petjadesexcursions.org\/es\/wp-json\/wp\/v2\/types\/page"}],"author":[{"embeddable":true,"href":"https:\/\/petjadesexcursions.org\/es\/wp-json\/wp\/v2\/users\/1"}],"replies":[{"embeddable":true,"href":"https:\/\/petjadesexcursions.org\/es\/wp-json\/wp\/v2\/comments?post=1283"}],"version-history":[{"count":10,"href":"https:\/\/petjadesexcursions.org\/es\/wp-json\/wp\/v2\/pages\/1283\/revisions"}],"predecessor-version":[{"id":8924,"href":"https:\/\/petjadesexcursions.org\/es\/wp-json\/wp\/v2\/pages\/1283\/revisions\/8924"}],"wp:attachment":[{"href":"https:\/\/petjadesexcursions.org\/es\/wp-json\/wp\/v2\/media?parent=1283"}],"curies":[{"name":"wp","href":"https:\/\/api.w.org\/{rel}","templated":true}]}}